{"id":3159,"date":"2021-02-09T21:47:07","date_gmt":"2021-02-10T05:47:07","guid":{"rendered":"https:\/\/www.eliteteamoffices.com\/portal-de-los-miembros-del-equipo\/"},"modified":"2022-12-25T09:50:25","modified_gmt":"2022-12-25T17:50:25","slug":"portal-de-los-miembros-del-equipo","status":"publish","type":"page","link":"https:\/\/www.eliteteamoffices.com\/es\/portal-de-los-miembros-del-equipo\/","title":{"rendered":"Portal de los miembros del equipo"},"content":{"rendered":"\t\t<div data-elementor-type=\"wp-page\" data-elementor-id=\"3159\" class=\"elementor elementor-3159 elementor-24\" data-elementor-post-type=\"page\">\n\t\t\t\t\t\t<section class=\"elementor-section elementor-top-section elementor-element elementor-element-7daf4a96 elementor-section-content-middle elementor-section-boxed elementor-section-height-default elementor-section-height-default\" data-id=\"7daf4a96\" data-element_type=\"section\" data-e-type=\"section\" data-settings=\"{&quot;background_background&quot;:&quot;classic&quot;}\">\n\t\t\t\t\t\t\t<div class=\"elementor-background-overlay\"><\/div>\n\t\t\t\t\t\t\t<div class=\"elementor-container elementor-column-gap-default\">\n\t\t\t\t\t<div class=\"elementor-column elementor-col-100 elementor-top-column elementor-element elementor-element-1182928a\" data-id=\"1182928a\" data-element_type=\"column\" data-e-type=\"column\">\n\t\t\t<div class=\"elementor-widget-wrap elementor-element-populated\">\n\t\t\t\t\t\t<div class=\"elementor-element elementor-element-43d7d1cc animated-slow elementor-invisible elementor-widget elementor-widget-heading\" data-id=\"43d7d1cc\" data-element_type=\"widget\" data-e-type=\"widget\" data-settings=\"{&quot;_animation&quot;:&quot;fadeInLeft&quot;}\" data-widget_type=\"heading.default\">\n\t\t\t\t<div class=\"elementor-widget-container\">\n\t\t\t\t\t<h1 class=\"elementor-heading-title elementor-size-default\">Portal de los miembros del equipo<\/h1>\t\t\t\t<\/div>\n\t\t\t\t<\/div>\n\t\t\t\t\t<\/div>\n\t\t<\/div>\n\t\t\t\t\t<\/div>\n\t\t<\/section>\n\t\t\t\t<section class=\"elementor-section elementor-top-section elementor-element elementor-element-388e32ff elementor-section-boxed elementor-section-height-default elementor-section-height-default\" data-id=\"388e32ff\" data-element_type=\"section\" data-e-type=\"section\">\n\t\t\t\t\t\t<div class=\"elementor-container elementor-column-gap-default\">\n\t\t\t\t\t<div class=\"elementor-column elementor-col-100 elementor-top-column elementor-element elementor-element-367a7476\" data-id=\"367a7476\" data-element_type=\"column\" data-e-type=\"column\">\n\t\t\t<div class=\"elementor-widget-wrap elementor-element-populated\">\n\t\t\t\t\t\t<section class=\"elementor-section elementor-inner-section elementor-element elementor-element-377296d elementor-section-boxed elementor-section-height-default elementor-section-height-default\" data-id=\"377296d\" data-element_type=\"section\" data-e-type=\"section\">\n\t\t\t\t\t\t<div class=\"elementor-container elementor-column-gap-default\">\n\t\t\t\t\t<div class=\"elementor-column elementor-col-100 elementor-inner-column elementor-element elementor-element-f8ea17a\" data-id=\"f8ea17a\" data-element_type=\"column\" data-e-type=\"column\">\n\t\t\t<div class=\"elementor-widget-wrap elementor-element-populated\">\n\t\t\t\t\t\t<div class=\"elementor-element elementor-element-6c37935f elementor-widget elementor-widget-heading\" data-id=\"6c37935f\" data-element_type=\"widget\" data-e-type=\"widget\" data-widget_type=\"heading.default\">\n\t\t\t\t<div class=\"elementor-widget-container\">\n\t\t\t\t\t<h2 class=\"elementor-heading-title elementor-size-default\">Contenido restringido<\/h2>\t\t\t\t<\/div>\n\t\t\t\t<\/div>\n\t\t\t\t<div class=\"elementor-element elementor-element-413bbd31 elementor-widget elementor-widget-text-editor\" data-id=\"413bbd31\" data-element_type=\"widget\" data-e-type=\"widget\" data-widget_type=\"text-editor.default\">\n\t\t\t\t<div class=\"elementor-widget-container\">\n\t\t\t\t\t\t\t\t\t\n<div class=\"um um-login um-736\">\n\t<div class=\"um-form\">\n\t\t<form method=\"post\" action=\"\" autocomplete=\"off\">\n\t\t\t<div class=\"um-row _um_row_1 \" style=\"margin: 0 0 30px 0;\"><div class=\"um-col-1\"><div  id=\"um_field_736_username\" class=\"um-field um-field-text  um-field-username um-field-text um-field-type_text\" data-key=\"username\"><div class=\"um-field-label\"><label for=\"username-736\">Nombre de usuario o correo electr\u00f3nico:<span class=\"um-req\" title=\"Obligatorio\">*<\/span><\/label><div class=\"um-clear\"><\/div><\/div><div class=\"um-field-area\"><input  autocomplete=\"off\" class=\"um-form-field valid \" type=\"text\" name=\"username-736\" id=\"username-736\" value=\"\" placeholder=\"\" data-validate=\"unique_username_or_email\" data-key=\"username\"  aria-invalid=\"false\" \/>\n\n\t\t\t\t\t\t<\/div><\/div><div  id=\"um_field_736_user_password\" class=\"um-field um-field-password  um-field-user_password um-field-password um-field-type_password\" data-key=\"user_password\"><div class=\"um-field-label\"><label for=\"user_password-736\">Contrase\u00f1a<span class=\"um-req\" title=\"Obligatorio\">*<\/span><\/label><div class=\"um-clear\"><\/div><\/div><div class=\"um-field-area\"><input class=\"um-form-field valid \" type=\"password\" name=\"user_password-736\" id=\"user_password-736\" value=\"\" placeholder=\"\" data-validate=\"\" data-key=\"user_password\"  aria-invalid=\"false\" \/>\n\n\t\t\t\t\t\t\t<\/div><\/div><\/div><\/div>\t<input type=\"hidden\" name=\"form_id\" id=\"form_id_736\" value=\"736\" \/>\n\t\t<p class=\"um_request_name\">\n\t\t<label for=\"um_request_736\">Only fill in if you are not human<\/label>\n\t\t<input type=\"hidden\" name=\"um_request\" id=\"um_request_736\" class=\"input\" value=\"\" size=\"25\" autocomplete=\"off\" \/>\n\t<\/p>\n\t<input type=\"hidden\" id=\"_wpnonce\" name=\"_wpnonce\" value=\"daf0935809\" \/><input type=\"hidden\" name=\"_wp_http_referer\" value=\"\/es\/wp-json\/wp\/v2\/pages\/3159\" \/>\n<div class=\"um-field\">\n\t<div class=\"g-recaptcha\" id=\"um-736\" data-type=\"image\" data-size=\"normal\" data-theme=\"light\" data-sitekey=\"6LfzlcQaAAAAAHWQvP3gUu8A9wwQ7AGknWD_LkWG\"><\/div>\n<\/div>\n\n\n<script type=\"text\/javascript\">\n\t\n\t\tvar onloadCallback = function () {\n\t\t\tjQuery('.g-recaptcha').each( function (i) {\n\t\t\t\tgrecaptcha.render( jQuery(this).attr('id'), {\n\t\t\t\t\t'sitekey': jQuery(this).attr('data-sitekey'),\n\t\t\t\t\t'theme': jQuery(this).attr('data-theme')\n\t\t\t\t});\n\t\t\t});\n\t\t};\n\n\t\tfunction um_recaptcha_refresh() {\n\t\t\tjQuery('.g-recaptcha').html('');\n\t\t\tgrecaptcha.reset();\n\t\t\tonloadCallback();\n\t\t}\n\n\t<\/script>\n\n\t<div class=\"um-col-alt\">\n\n\t\t\n\n\t\t\t<div class=\"um-field um-field-c\">\n\t\t\t\t<div class=\"um-field-area\">\n\t\t\t\t\t<label class=\"um-field-checkbox\">\n\t\t\t\t\t\t<input type=\"checkbox\" name=\"rememberme\" value=\"1\"  \/>\n\t\t\t\t\t\t<span class=\"um-field-checkbox-state\"><i class=\"um-icon-android-checkbox-outline-blank\"><\/i><\/span>\n\t\t\t\t\t\t<span class=\"um-field-checkbox-option\"> Mantenerme conectado<\/span>\n\t\t\t\t\t<\/label>\n\t\t\t\t<\/div>\n\t\t\t<\/div>\n\n\t\t\t\t\t\t<div class=\"um-clear\"><\/div>\n\t\t\n\t\t\t<div class=\"um-left um-half\">\n\t\t\t\t<input type=\"submit\" value=\"Acceder\" class=\"um-button\" id=\"um-submit-btn\" \/>\n\t\t\t<\/div>\n\t\t\t<div class=\"um-right um-half\">\n\t\t\t\t<a href=\"https:\/\/www.eliteteamoffices.com\/es\/registro\/\" class=\"um-button um-alt\">\n\t\t\t\t\tRegistro\t\t\t\t<\/a>\n\t\t\t<\/div>\n\n\t\t\n\t\t<div class=\"um-clear\"><\/div>\n\n\t<\/div>\n\n\t\n\t<div class=\"um-col-alt-b\">\n\t\t<a href=\"https:\/\/www.eliteteamoffices.com\/es\/restablecimiento-de-la-contrasena\/\" class=\"um-link-alt\">\n\t\t\t\u00bfHas olvidado tu contrase\u00f1a?\t\t<\/a>\n\t<\/div>\n\n\t\t\t<\/form>\n\t<\/div>\n<\/div>\n<style>\n\t\t\t.um-736.um {\n\t\t\tmax-width: 450px;\n\t\t}\n\t\t<\/style>\n\n\t\t\t\t\t\t\t\t<\/div>\n\t\t\t\t<\/div>\n\t\t\t\t\t<\/div>\n\t\t<\/div>\n\t\t\t\t\t<\/div>\n\t\t<\/section>\n\t\t\t\t\t<\/div>\n\t\t<\/div>\n\t\t\t\t\t<\/div>\n\t\t<\/section>\n\t\t\t\t<\/div>\n\t\t","protected":false},"excerpt":{"rendered":"<p>Portal de los miembros del equipo Contenido restringido Cambio de direcci\u00f3n Ajuste de la n\u00f3mina Solicitud de tiempo libre Cambio de direcci\u00f3n Cambio de direcci\u00f3n Change of Address Form Empresa en la que trabaja* EPL ELC EMTS SGC ETO LOKES ACCI\u00d3N EN VIVO Nombre* First Last N\u00famero de tel\u00e9fono* Nueva direcci\u00f3n* Street Address Address Line [&hellip;]<\/p>\n","protected":false},"author":1,"featured_media":0,"parent":0,"menu_order":0,"comment_status":"closed","ping_status":"closed","template":"","meta":{"_acf_changed":false,"give_campaign_id":0,"site-sidebar-layout":"no-sidebar","site-content-layout":"page-builder","ast-site-content-layout":"default","site-content-style":"default","site-sidebar-style":"default","ast-global-header-display":"","ast-banner-title-visibility":"","ast-main-header-display":"","ast-hfb-above-header-display":"","ast-hfb-below-header-display":"","ast-hfb-mobile-header-display":"","site-post-title":"disabled","ast-breadcrumbs-content":"","ast-featured-img":"disabled","footer-sml-layout":"","ast-disable-related-posts":"","theme-transparent-header-meta":"default","adv-header-id-meta":"","stick-header-meta":"","header-above-stick-meta":"","header-main-stick-meta":"","header-below-stick-meta":"","astra-migrate-meta-layouts":"default","ast-page-background-enabled":"default","ast-page-background-meta":{"desktop":{"background-color":"","background-image":"","background-repeat":"repeat","background-position":"center center","background-size":"auto","background-attachment":"scroll","background-type":"","background-media":"","overlay-type":"","overlay-color":"","overlay-opacity":"","overlay-gradient":""},"tablet":{"background-color":"","background-image":"","background-repeat":"repeat","background-position":"center center","background-size":"auto","background-attachment":"scroll","background-type":"","background-media":"","overlay-type":"","overlay-color":"","overlay-opacity":"","overlay-gradient":""},"mobile":{"background-color":"","background-image":"","background-repeat":"repeat","background-position":"center center","background-size":"auto","background-attachment":"scroll","background-type":"","background-media":"","overlay-type":"","overlay-color":"","overlay-opacity":"","overlay-gradient":""}},"ast-content-background-meta":{"desktop":{"background-color":"var(--ast-global-color-5)","background-image":"","background-repeat":"repeat","background-position":"center center","background-size":"auto","background-attachment":"scroll","background-type":"","background-media":"","overlay-type":"","overlay-color":"","overlay-opacity":"","overlay-gradient":""},"tablet":{"background-color":"var(--ast-global-color-5)","background-image":"","background-repeat":"repeat","background-position":"center center","background-size":"auto","background-attachment":"scroll","background-type":"","background-media":"","overlay-type":"","overlay-color":"","overlay-opacity":"","overlay-gradient":""},"mobile":{"background-color":"var(--ast-global-color-5)","background-image":"","background-repeat":"repeat","background-position":"center center","background-size":"auto","background-attachment":"scroll","background-type":"","background-media":"","overlay-type":"","overlay-color":"","overlay-opacity":"","overlay-gradient":""}},"footnotes":""},"class_list":["post-3159","page","type-page","status-publish","hentry"],"acf":[],"yoast_head":"<!-- This site is optimized with the Yoast SEO plugin v27.5 - https:\/\/yoast.com\/product\/yoast-seo-wordpress\/ -->\n<title>Portal de los miembros del equipo - Elite Team Offices<\/title>\n<meta name=\"robots\" content=\"index, follow, max-snippet:-1, max-image-preview:large, max-video-preview:-1\" \/>\n<link rel=\"canonical\" href=\"https:\/\/www.eliteteamoffices.com\/es\/portal-de-los-miembros-del-equipo\/\" \/>\n<meta property=\"og:locale\" content=\"es_ES\" \/>\n<meta property=\"og:type\" content=\"article\" \/>\n<meta property=\"og:title\" content=\"Portal de los miembros del equipo - Elite Team Offices\" \/>\n<meta property=\"og:description\" content=\"Portal de los miembros del equipo Contenido restringido Cambio de direcci\u00f3n Ajuste de la n\u00f3mina Solicitud de tiempo libre Cambio de direcci\u00f3n Cambio de direcci\u00f3n Change of Address Form Empresa en la que trabaja* EPL ELC EMTS SGC ETO LOKES ACCI\u00d3N EN VIVO Nombre* First Last N\u00famero de tel\u00e9fono* Nueva direcci\u00f3n* Street Address Address Line [&hellip;]\" \/>\n<meta property=\"og:url\" content=\"https:\/\/www.eliteteamoffices.com\/es\/portal-de-los-miembros-del-equipo\/\" \/>\n<meta property=\"og:site_name\" content=\"Elite Team Offices\" \/>\n<meta property=\"article:modified_time\" content=\"2022-12-25T17:50:25+00:00\" \/>\n<meta property=\"og:image\" content=\"https:\/\/www.eliteteamoffices.com\/wp-content\/uploads\/2021\/05\/ETO-Social-Featured-Image.jpg\" \/>\n\t<meta property=\"og:image:width\" content=\"1200\" \/>\n\t<meta property=\"og:image:height\" content=\"630\" \/>\n\t<meta property=\"og:image:type\" content=\"image\/jpeg\" \/>\n<meta name=\"twitter:card\" content=\"summary_large_image\" \/>\n<meta name=\"twitter:label1\" content=\"Tiempo de lectura\" \/>\n\t<meta name=\"twitter:data1\" content=\"2 minutos\" \/>\n<script type=\"application\/ld+json\" class=\"yoast-schema-graph\">{\"@context\":\"https:\\\/\\\/schema.org\",\"@graph\":[{\"@type\":\"WebPage\",\"@id\":\"https:\\\/\\\/www.eliteteamoffices.com\\\/es\\\/portal-de-los-miembros-del-equipo\\\/\",\"url\":\"https:\\\/\\\/www.eliteteamoffices.com\\\/es\\\/portal-de-los-miembros-del-equipo\\\/\",\"name\":\"Portal de los miembros del equipo - Elite Team Offices\",\"isPartOf\":{\"@id\":\"https:\\\/\\\/www.eliteteamoffices.com\\\/es\\\/#website\"},\"datePublished\":\"2021-02-10T05:47:07+00:00\",\"dateModified\":\"2022-12-25T17:50:25+00:00\",\"breadcrumb\":{\"@id\":\"https:\\\/\\\/www.eliteteamoffices.com\\\/es\\\/portal-de-los-miembros-del-equipo\\\/#breadcrumb\"},\"inLanguage\":\"es\",\"potentialAction\":[{\"@type\":\"ReadAction\",\"target\":[\"https:\\\/\\\/www.eliteteamoffices.com\\\/es\\\/portal-de-los-miembros-del-equipo\\\/\"]}]},{\"@type\":\"BreadcrumbList\",\"@id\":\"https:\\\/\\\/www.eliteteamoffices.com\\\/es\\\/portal-de-los-miembros-del-equipo\\\/#breadcrumb\",\"itemListElement\":[{\"@type\":\"ListItem\",\"position\":1,\"name\":\"Home\",\"item\":\"https:\\\/\\\/www.eliteteamoffices.com\\\/es\\\/home\\\/\"},{\"@type\":\"ListItem\",\"position\":2,\"name\":\"Portal de los miembros del equipo\"}]},{\"@type\":\"WebSite\",\"@id\":\"https:\\\/\\\/www.eliteteamoffices.com\\\/es\\\/#website\",\"url\":\"https:\\\/\\\/www.eliteteamoffices.com\\\/es\\\/\",\"name\":\"Elite Team Offices\",\"description\":\"Providing Elite Support to All Elite Companies.\",\"publisher\":{\"@id\":\"https:\\\/\\\/www.eliteteamoffices.com\\\/es\\\/#organization\"},\"potentialAction\":[{\"@type\":\"SearchAction\",\"target\":{\"@type\":\"EntryPoint\",\"urlTemplate\":\"https:\\\/\\\/www.eliteteamoffices.com\\\/es\\\/?s={search_term_string}\"},\"query-input\":{\"@type\":\"PropertyValueSpecification\",\"valueRequired\":true,\"valueName\":\"search_term_string\"}}],\"inLanguage\":\"es\"},{\"@type\":\"Organization\",\"@id\":\"https:\\\/\\\/www.eliteteamoffices.com\\\/es\\\/#organization\",\"name\":\"Elite Team Offices\",\"url\":\"https:\\\/\\\/www.eliteteamoffices.com\\\/es\\\/\",\"logo\":{\"@type\":\"ImageObject\",\"inLanguage\":\"es\",\"@id\":\"https:\\\/\\\/www.eliteteamoffices.com\\\/es\\\/#\\\/schema\\\/logo\\\/image\\\/\",\"url\":\"https:\\\/\\\/www.eliteteamoffices.com\\\/wp-content\\\/uploads\\\/2021\\\/02\\\/ETO-Primary-Logo.png\",\"contentUrl\":\"https:\\\/\\\/www.eliteteamoffices.com\\\/wp-content\\\/uploads\\\/2021\\\/02\\\/ETO-Primary-Logo.png\",\"width\":269,\"height\":80,\"caption\":\"Elite Team Offices\"},\"image\":{\"@id\":\"https:\\\/\\\/www.eliteteamoffices.com\\\/es\\\/#\\\/schema\\\/logo\\\/image\\\/\"}}]}<\/script>\n<!-- \/ Yoast SEO plugin. -->","yoast_head_json":{"title":"Portal de los miembros del equipo - Elite Team Offices","robots":{"index":"index","follow":"follow","max-snippet":"max-snippet:-1","max-image-preview":"max-image-preview:large","max-video-preview":"max-video-preview:-1"},"canonical":"https:\/\/www.eliteteamoffices.com\/es\/portal-de-los-miembros-del-equipo\/","og_locale":"es_ES","og_type":"article","og_title":"Portal de los miembros del equipo - Elite Team Offices","og_description":"Portal de los miembros del equipo Contenido restringido Cambio de direcci\u00f3n Ajuste de la n\u00f3mina Solicitud de tiempo libre Cambio de direcci\u00f3n Cambio de direcci\u00f3n Change of Address Form Empresa en la que trabaja* EPL ELC EMTS SGC ETO LOKES ACCI\u00d3N EN VIVO Nombre* First Last N\u00famero de tel\u00e9fono* Nueva direcci\u00f3n* Street Address Address Line [&hellip;]","og_url":"https:\/\/www.eliteteamoffices.com\/es\/portal-de-los-miembros-del-equipo\/","og_site_name":"Elite Team Offices","article_modified_time":"2022-12-25T17:50:25+00:00","og_image":[{"width":1200,"height":630,"url":"https:\/\/www.eliteteamoffices.com\/wp-content\/uploads\/2021\/05\/ETO-Social-Featured-Image.jpg","type":"image\/jpeg"}],"twitter_card":"summary_large_image","twitter_misc":{"Tiempo de lectura":"2 minutos"},"schema":{"@context":"https:\/\/schema.org","@graph":[{"@type":"WebPage","@id":"https:\/\/www.eliteteamoffices.com\/es\/portal-de-los-miembros-del-equipo\/","url":"https:\/\/www.eliteteamoffices.com\/es\/portal-de-los-miembros-del-equipo\/","name":"Portal de los miembros del equipo - Elite Team Offices","isPartOf":{"@id":"https:\/\/www.eliteteamoffices.com\/es\/#website"},"datePublished":"2021-02-10T05:47:07+00:00","dateModified":"2022-12-25T17:50:25+00:00","breadcrumb":{"@id":"https:\/\/www.eliteteamoffices.com\/es\/portal-de-los-miembros-del-equipo\/#breadcrumb"},"inLanguage":"es","potentialAction":[{"@type":"ReadAction","target":["https:\/\/www.eliteteamoffices.com\/es\/portal-de-los-miembros-del-equipo\/"]}]},{"@type":"BreadcrumbList","@id":"https:\/\/www.eliteteamoffices.com\/es\/portal-de-los-miembros-del-equipo\/#breadcrumb","itemListElement":[{"@type":"ListItem","position":1,"name":"Home","item":"https:\/\/www.eliteteamoffices.com\/es\/home\/"},{"@type":"ListItem","position":2,"name":"Portal de los miembros del equipo"}]},{"@type":"WebSite","@id":"https:\/\/www.eliteteamoffices.com\/es\/#website","url":"https:\/\/www.eliteteamoffices.com\/es\/","name":"Elite Team Offices","description":"Providing Elite Support to All Elite Companies.","publisher":{"@id":"https:\/\/www.eliteteamoffices.com\/es\/#organization"},"potentialAction":[{"@type":"SearchAction","target":{"@type":"EntryPoint","urlTemplate":"https:\/\/www.eliteteamoffices.com\/es\/?s={search_term_string}"},"query-input":{"@type":"PropertyValueSpecification","valueRequired":true,"valueName":"search_term_string"}}],"inLanguage":"es"},{"@type":"Organization","@id":"https:\/\/www.eliteteamoffices.com\/es\/#organization","name":"Elite Team Offices","url":"https:\/\/www.eliteteamoffices.com\/es\/","logo":{"@type":"ImageObject","inLanguage":"es","@id":"https:\/\/www.eliteteamoffices.com\/es\/#\/schema\/logo\/image\/","url":"https:\/\/www.eliteteamoffices.com\/wp-content\/uploads\/2021\/02\/ETO-Primary-Logo.png","contentUrl":"https:\/\/www.eliteteamoffices.com\/wp-content\/uploads\/2021\/02\/ETO-Primary-Logo.png","width":269,"height":80,"caption":"Elite Team Offices"},"image":{"@id":"https:\/\/www.eliteteamoffices.com\/es\/#\/schema\/logo\/image\/"}}]}},"campaignId":"","_links":{"self":[{"href":"https:\/\/www.eliteteamoffices.com\/es\/wp-json\/wp\/v2\/pages\/3159","targetHints":{"allow":["GET"]}}],"collection":[{"href":"https:\/\/www.eliteteamoffices.com\/es\/wp-json\/wp\/v2\/pages"}],"about":[{"href":"https:\/\/www.eliteteamoffices.com\/es\/wp-json\/wp\/v2\/types\/page"}],"author":[{"embeddable":true,"href":"https:\/\/www.eliteteamoffices.com\/es\/wp-json\/wp\/v2\/users\/1"}],"replies":[{"embeddable":true,"href":"https:\/\/www.eliteteamoffices.com\/es\/wp-json\/wp\/v2\/comments?post=3159"}],"version-history":[{"count":5,"href":"https:\/\/www.eliteteamoffices.com\/es\/wp-json\/wp\/v2\/pages\/3159\/revisions"}],"predecessor-version":[{"id":3436,"href":"https:\/\/www.eliteteamoffices.com\/es\/wp-json\/wp\/v2\/pages\/3159\/revisions\/3436"}],"wp:attachment":[{"href":"https:\/\/www.eliteteamoffices.com\/es\/wp-json\/wp\/v2\/media?parent=3159"}],"curies":[{"name":"wp","href":"https:\/\/api.w.org\/{rel}","templated":true}]}}